{"id":44,"date":"2021-04-06T18:06:48","date_gmt":"2021-04-06T16:06:48","guid":{"rendered":"http:\/\/fenabod.cluster026.hosting.ovh.net\/?page_id=44"},"modified":"2021-04-06T18:06:48","modified_gmt":"2021-04-06T16:06:48","slug":"courrier-adresse-le-6-avril-2021-a-madame-anne-schmidt-responsable-de-la-citoyennete-et-de-la-democratie-locale-mairie-de-vitry-sur-seine-par-lequel-lassociation-agir-ensemble-pour-nos-d","status":"publish","type":"page","link":"http:\/\/fenabod.cluster026.hosting.ovh.net\/index.php\/courrier-adresse-le-6-avril-2021-a-madame-anne-schmidt-responsable-de-la-citoyennete-et-de-la-democratie-locale-mairie-de-vitry-sur-seine-par-lequel-lassociation-agir-ensemble-pour-nos-d\/","title":{"rendered":"Courrier adress\u00e9 le 6 AVRIL 2021 \u00e0 : &#8211; Madame Anne SCHMIDT &#8211; Responsable de la Citoyennet\u00e9 et de la D\u00e9mocratie locale &#8211; MAIRIE de VITRY-sur-SEINE &#8211;   par lequel l&#8217;Association AGIR ENSEMBLE POUR NOS DROITS confirme l&#8217;entretien t\u00e9l\u00e9phonique du m\u00eame jour avec : &#8211; l&#8217;ADIL\u00a0qui a confirm\u00e9 qu&#8217;il est interdit \u00e0 : &#8211;\u00a0NEXITY &#8211; 19, rue de Vienne &#8211; 75008 PARIS\u00a0&#8211; de r\u00e9clamer \u00e0 la fille de Monsieur TONG Xiaogong, plus de 95 % du prix de vente de l&#8217;appartement avant la remise des clefs, sur le fondement des articles L 263-1 et R 261-14 du Code de la Construction et de l&#8217;Habitat."},"content":{"rendered":"<p>&#8212;&#8211;E-mail d&#8217;origine&#8212;&#8211;<br \/>\nDe: CHABERT Philippe [CEIDF] &lt;philippe.chabert@ceidf.caisse-epargne.fr&gt;<br \/>\nA: AGIRENSEMBLE POURNOSDROITS &lt;agirensemble_pournosdroits05@aol.com&gt;<br \/>\nEnvoy\u00e9 le: Ma, 6 Avr 2021 17:55<br \/>\nSujet: R\u00e9ponse automatique\u00a0: Confirmation de l&#8217;entretien t\u00e9l\u00e9phonique du 6 AVRIL 2021 avec : &#8211; l&#8217;ADIL qui a confirm\u00e9 qu&#8217;il est interdit \u00e0 : &#8211; NEXITY &#8211; 19, rue de Vienne &#8211; 75008 PARIS &#8211; de r\u00e9clamer \u00e0 la fille de Monsieur TONG Xiaogong, plus de 95 % du prix de &#8230;<\/p>\n<div id=\"yiv0537694774\">\n<div>\n<div class=\"yiv0537694774WordSection1\">\n<p class=\"yiv0537694774MsoNormal\">Bonjour.<\/p>\n<p class=\"yiv0537694774MsoNormal\">Etant absent pour une longue dur\u00e9e, je vous invite \u00e0 contacter Mme Marie Dominique Roblin (mariedominique.roblin@ceidf.caisse-epargne.fr).<\/p>\n<p class=\"yiv0537694774MsoNormal\">Cordialement<\/p>\n<p class=\"yiv0537694774MsoNormal\">P. Chabert<\/p>\n<\/div>\n<\/div>\n<\/div>\n<p>.<\/p>\n<p>&#8212;&#8211;E-mail d&#8217;origine&#8212;&#8211;<br \/>\nDe: chambre.seineetmarne@notaires.fr<br \/>\nA: agirensemble_pournosdroits05@aol.com<br \/>\nEnvoy\u00e9 le: Ma, 6 Avr 2021 17:54<br \/>\nSujet: R\u00e9ponse automatique<\/p>\n<div dir=\"ltr\">Madame, Monsieur,<\/div>\n<div dir=\"ltr\"><\/div>\n<div dir=\"ltr\">J&#8217;accuse bonne r\u00e9ception de votre courriel.<\/div>\n<div dir=\"ltr\"><\/div>\n<div dir=\"ltr\">En raison de la multiplication des courriels, il n&#8217;est pas toujours possible d&#8217;en effectuer le suivi en temps r\u00e9el.<\/div>\n<div dir=\"ltr\"><\/div>\n<div dir=\"ltr\">N\u00e9anmoins, je vous pr\u00e9cise que la r\u00e9ponse \u00e9ventuellement appel\u00e9e par votre courriel sera trait\u00e9e dans un d\u00e9lai raisonnable.<\/div>\n<div dir=\"ltr\"><\/div>\n<div dir=\"ltr\">Je vous remercie pour votre compr\u00e9hension et vous indique qu&#8217;il n&#8217;est pas n\u00e9cessaire de r\u00e9pondre au pr\u00e9sent message, envoy\u00e9 automatiquement.<\/div>\n<div dir=\"ltr\"><\/div>\n<div dir=\"ltr\">Cordialement,<\/div>\n<div dir=\"ltr\">.<\/div>\n<div dir=\"ltr\">.<\/div>\n<div dir=\"ltr\">&#8212;&#8211;E-mail d&#8217;origine&#8212;&#8211;<br \/>\nDe: sip.vitry-sur-seine@dgfip.finances.gouv.fr<br \/>\nA: agirensemble_pournosdroits05@aol.com<br \/>\nEnvoy\u00e9 le: Ma, 6 Avr 2021 17:54<br \/>\nSujet: Auto: Confirmation de l&#8217;entretien t\u00e9l\u00e9phonique du 6 AVRIL 2021 avec : &#8211; l&#8217;ADIL qui a confirm\u00e9 qu&#8217;il est interdit \u00e0 : &#8211; NEXITY &#8211; 19, rue de Vienne &#8211; 75008 PARIS &#8211; de r\u00e9clamer \u00e0 la fille de Monsieur TONG Xiaogong, plus de 95 % du prix de vente de l&#8217;appartement avant la remise des clefs, sur le fondement des articles L 263-1 et R 261-14 du Code de la Construction et de l&#8217;Habitat.<\/p>\n<div dir=\"ltr\">Nous vous informons que votre demande a bien \u00e9t\u00e9 prise en compte.<\/div>\n<div dir=\"ltr\">Afin d&#8217;obtenir un traitement plus rapide de votre demande, nous vous invitons \u00e0 l&#8217;avenir \u00e0 nous contacter \u00e0 partir de votre messagerie s\u00e9curis\u00e9e, disponible dans votre espace particulier sur impots.gouv.fr.<\/div>\n<div dir=\"ltr\">Si vous n&#8217;avez pas encore cr\u00e9\u00e9 votre espace particulier, des pas-\u00e0-pas sont mis \u00e0 votre disposition sur le site impots.gouv.fr pour vous guider dans cette proc\u00e9dure et dans l&#8217;utilisation de la messagerie s\u00e9curis\u00e9e : https:\/\/www.impots.gouv.fr\/portail\/pas-pas-des-services-en-ligne-des-particuliers.<\/div>\n<div dir=\"ltr\">Par ailleurs, pensez \u00e0 consulter le site www.impots.gouv.fr, vous y trouverez les r\u00e9ponses aux questions les plus fr\u00e9quentes, r\u00e9guli\u00e8rement actualis\u00e9es.<\/div>\n<div dir=\"ltr\">Cet accus\u00e9 r\u00e9ception est g\u00e9n\u00e9r\u00e9 automatiquement, merci de ne pas y r\u00e9pondre<\/div>\n<\/div>\n<div dir=\"ltr\">.<\/div>\n<div dir=\"ltr\">.<\/div>\n<div dir=\"ltr\">&#8212;&#8211;E-mail d&#8217;origine&#8212;&#8211;<br \/>\nDe: sip.melun@dgfip.finances.gouv.fr<br \/>\nA: agirensemble_pournosdroits05@aol.com<br \/>\nEnvoy\u00e9 le: Ma, 6 Avr 2021 17:54<br \/>\nSujet: Auto: Confirmation de l&#8217;entretien t\u00e9l\u00e9phonique du 6 AVRIL 2021 avec : &#8211; l&#8217;ADIL qui a confirm\u00e9 qu&#8217;il est interdit \u00e0 : &#8211; NEXITY &#8211; 19, rue de Vienne &#8211; 75008 PARIS &#8211; de r\u00e9clamer \u00e0 la fille de Monsieur TONG Xiaogong, plus de 95 % du prix de vente de l&#8217;appartement avant la remise des clefs, sur le fondement des articles L 263-1 et R 261-14 du Code de la Construction et de l&#8217;Habitat.<\/p>\n<div dir=\"ltr\">Nous vous informons que votre demande a bien \u00e9t\u00e9 prise en compte.<\/div>\n<div dir=\"ltr\">Afin d&#8217;obtenir un traitement plus rapide de votre demande, nous vous invitons \u00e0 l&#8217;avenir \u00e0 nous contacter \u00e0 partir de votre messagerie s\u00e9curis\u00e9e, disponible dans votre espace particulier sur impots.gouv.fr.<\/div>\n<div dir=\"ltr\">Si vous n&#8217;avez pas encore cr\u00e9\u00e9 votre espace particulier, des pas-\u00e0-pas sont mis \u00e0 votre disposition sur le site impots.gouv.fr pour vous guider dans cette proc\u00e9dure et dans l&#8217;utilisation de la messagerie s\u00e9curis\u00e9e : https:\/\/www.impots.gouv.fr\/portail\/pas-pas-des-services-en-ligne-des-particuliers.<\/div>\n<div dir=\"ltr\">Par ailleurs, pensez \u00e0 consulter le site www.impots.gouv.fr, vous y trouverez les r\u00e9ponses aux questions les plus fr\u00e9quentes, r\u00e9guli\u00e8rement actualis\u00e9es.<\/div>\n<div dir=\"ltr\">Cet accus\u00e9 r\u00e9ception est g\u00e9n\u00e9r\u00e9 automatiquement, merci de ne pas y r\u00e9pondre<\/div>\n<\/div>\n<div dir=\"ltr\">.<\/div>\n<div dir=\"ltr\">.<\/div>\n<p><span style=\"font-size: small;\">&#8212;&#8211;E-mail d&#8217;origine&#8212;&#8211;<br \/>\nDe: AGIRENSEMBLE POURNOSDROITS &lt;agirensemble_pournosdroits05@aol.com&gt;<br \/>\nA: anne.schmidt@mairie-vitry94.fr &lt;anne.schmidt@mairie-vitry94.fr&gt;; secretariatdumaire@mairie-vitry94.fr &lt;secretariatdumaire@mairie-vitry94.fr&gt;; maire@mairie-vitry94.fr &lt;maire@mairie-vitry94.fr&gt;; bernadette.verdeil@justice.fr &lt;bernadette.verdeil@justice.fr&gt;; dekervit@gmail.com &lt;dekervit@gmail.com&gt;; greffe.courdejustice@justice.fr &lt;greffe.courdejustice@justice.fr&gt;; sip.melun@dgfip.finances.gouv.fr &lt;sip.melun@dgfip.finances.gouv.fr&gt;; tj1-melun@justice.fr &lt;tj1-melun@justice.fr&gt;; yang@dsavocats.com &lt;yang@dsavocats.com&gt;; cabinet@sery-avocat.fr &lt;cabinet@sery-avocat.fr&gt;; greffe.ta-melun@juradm.fr &lt;greffe.ta-melun@juradm.fr&gt;; chambre.seineetmarne@notaires.fr &lt;chambre.seineetmarne@notaires.fr&gt;; greffe@conseil-constitutionnel.fr &lt;greffe@conseil-constitutionnel.fr&gt;; mariedominique.roblin@ceidf.caisse-epargne.fr &lt;mariedominique.roblin@ceidf.caisse-epargne.fr&gt;; philippe.chabert@ceidf.caisse-epargne.fr &lt;philippe.chabert@ceidf.caisse-epargne.fr&gt;; bocquillon.avocat@gmail.com &lt;bocquillon.avocat@gmail.com&gt;; igpn-permanence@interieur.gouv.fr &lt;igpn-permanence@interieur.gouv.fr&gt;; dspap-dtsp75-csp05-ppel@interieur.gouv.fr &lt;dspap-dtsp75-csp05-ppel@interieur.gouv.fr&gt;; dspap-dtsp77-csp-melun-ppel@interieur.gouv.fr &lt;dspap-dtsp77-csp-melun-ppel@interieur.gouv.fr&gt;; julienbeslay@gmail.com &lt;julienbeslay@gmail.com&gt;; yang@dsavocats.com &lt;yang@dsavocats.com&gt;; cabinetavocatsren@yahoo.fr &lt;cabinetavocatsren@yahoo.fr&gt;; c.cahen-salvador@wanadoo.fr &lt;c.cahen-salvador@wanadoo.fr&gt;; csm@justice.fr &lt;csm@justice.fr&gt;; d.leprado@cabinet-leprado.fr &lt;d.leprado@cabinet-leprado.fr&gt;; contact@cabinet-leprado.fr &lt;contact@cabinet-leprado.fr&gt;; corinne.phelipeau.chambre.seineetmarne@notaires.fr &lt;corinne.phelipeau.chambre.seineetmarne@notaires.fr&gt;; macif_pj@macif.fr &lt;macif_pj@macif.fr&gt;; relationgestion@macif.fr &lt;relationgestion@macif.fr&gt;; ndesplan@macif.fr &lt;ndesplan@macif.fr&gt;; relais.gare@mairie-vitry94.fr &lt;relais.gare@mairie-vitry94.fr&gt;; domaines-atccollectif-sud@nexity.fr &lt;domaines-atccollectif-sud@nexity.fr&gt;; support+id227328@relation-client-immo.zendesk.com &lt;support+id227328@relation-client-immo.zendesk.com&gt;; FMOUSSOUNI@nexity.fr &lt;FMOUSSOUNI@nexity.fr&gt;; cabinet@sery-avocat.fr &lt;cabinet@sery-avocat.fr&gt;; collegedeontologie@justice.fr &lt;collegedeontologie@justice.fr&gt;; enmarchelesdroits01@aol.com &lt;enmarchelesdroits01@aol.com&gt;; enmarchelesdroits@yahoo.com &lt;enmarchelesdroits@yahoo.com&gt;; courriel@hdfp.fr &lt;courriel@hdfp.fr&gt;; jvpaturel@wanadoo.fr &lt;jvpaturel@wanadoo.fr&gt;; philippe.froger@bfpavocats.fr &lt;philippe.froger@bfpavocats.fr&gt;; sip.vitry-sur-seine@dgfip.finances.gouv.fr &lt;sip.vitry-sur-seine@dgfip.finances.gouv.fr&gt;; bavpa.sadjav-sg@justice.gouv.fr &lt;bavpa.sadjav-sg@justice.gouv.fr&gt;; jacques.boudy@legiondhonneur.fr &lt;jacques.boudy@legiondhonneur.fr&gt;; administration@legiondhonneur.fr &lt;administration@legiondhonneur.fr&gt;; sonia.rivetbourges@legiondhonneur.fr &lt;sonia.rivetbourges@legiondhonneur.fr&gt;; plot.avoc@orange.fr &lt;plot.avoc@orange.fr&gt;; a.saidji@saidji-moreau.com &lt;a.saidji@saidji-moreau.com&gt;; cecile.durand-guillier@conciliateurdejustice.fr &lt;cecile.durand-guillier@conciliateurdejustice.fr&gt;; isabelle.vergeat-achaintre@caissedesdepots.fr &lt;isabelle.vergeat-achaintre@caissedesdepots.fr&gt;; patrick.sannino@commissaire-justice.fr &lt;patrick.sannino@commissaire-justice.fr&gt;; astou.traore@valdemarne.fr &lt;astou.traore@valdemarne.fr&gt;; christian.favier@valdemarne.fr &lt;christian.favier@valdemarne.fr&gt;; anne-lise.multin-desroches@mairie-vitry94.fr &lt;anne-lise.multin-desroches@mairie-vitry94.fr&gt;; sec.pp.courdecassation@justice.fr &lt;sec.pp.courdecassation@justice.fr&gt;; sec.pg.courdecassation@justice.fr &lt;sec.pg.courdecassation@justice.fr&gt;; sec.pp.ca-paris@justice.fr &lt;sec.pp.ca-paris@justice.fr&gt;; sec.presidence.tj-paris@justice.fr &lt;sec.presidence.tj-paris@justice.fr&gt;; sec.pg.ca-paris@justice.fr &lt;sec.pg.ca-paris@justice.fr&gt;; sec.pg.ca-paris@justice.fr &lt;sec.pg.ca-paris@justice.fr&gt;; sec.pr.tj-creteil@justice.fr &lt;sec.pr.tj-creteil@justice.fr&gt;; sec.pr.tj-melun@justice.fr &lt;sec.pr.tj-melun@justice.fr&gt;; sec.pr.tj-marseille@justice.fr &lt;sec.pr.tj-marseille@justice.fr&gt;; sec.pp.ca-nimes@justice.fr &lt;sec.pp.ca-nimes@justice.fr&gt;; accueil-blois@justice.fr &lt;accueil-blois@justice.fr&gt;; accueil-rodez@justice.fr &lt;accueil-rodez@justice.fr&gt;; bernard-hugues.saint-paul@ladepeche.fr &lt;bernard-hugues.saint-paul@ladepeche.fr&gt;; csm@justice.fr &lt;csm@justice.fr&gt;; lboumesbah@ville-melun.fr &lt;lboumesbah@ville-melun.fr&gt;; etude.larocheetassocies@notaires.fr &lt;etude.larocheetassocies@notaires.fr&gt;; astruc_patricia@wanadoo.fr &lt;astruc_patricia@wanadoo.fr&gt;; secretariatmaire@ville-melun.fr &lt;secretariatmaire@ville-melun.fr&gt;; info@mairie-dammarie-les-lys.fr &lt;info@mairie-dammarie-les-lys.fr&gt;; b.grunberg@mairie-dammarie-les-lys.fr &lt;b.grunberg@mairie-dammarie-les-lys.fr&gt;; c.paris@mairie-dammarie-les-lys.fr &lt;c.paris@mairie-dammarie-les-lys.fr&gt;; philippe.louis4@wanadoo.fr &lt;philippe.louis4@wanadoo.fr&gt;; infos@louis-avocats.com &lt;infos@louis-avocats.com&gt;; contact.ministre@interieur.gouv.fr &lt;contact.ministre@interieur.gouv.fr&gt;; contact@dupondmoretti.com &lt;contact@dupondmoretti.com&gt;; cyberjustice@justice.gouv.fr &lt;cyberjustice@justice.gouv.fr&gt;; fouzia.boukhalfa@justice.gouv.fr &lt;fouzia.boukhalfa@justice.gouv.fr&gt;; catherine.fionda.94020@paris.notaires.fr &lt;catherine.fionda.94020@paris.notaires.fr&gt;; scp.sylvain.reyjal@paris.notaires.fr &lt;scp.sylvain.reyjal@paris.notaires.fr&gt;; scp.gtc@huissier-justice.fr &lt;scp.gtc@huissier-justice.fr&gt;; christian.favier@valdemarne.fr &lt;christian.favier@valdemarne.fr&gt;; audience@greffe-tc-creteil.fr &lt;audience@greffe-tc-creteil.fr&gt;; emilie.poignon@cabinet-poignon.com &lt;emilie.poignon@cabinet-poignon.com&gt;; premier-ministre@cab.pm.gouv.fr &lt;premier-ministre@cab.pm.gouv.fr&gt;; contact@blancgrassin.com &lt;contact@blancgrassin.com&gt;; contact@smila-avocat.com &lt;contact@smila-avocat.com&gt;; demandeassure@lassuranceretraite.fr &lt;demandeassure@lassuranceretraite.fr&gt;; al-etampes@cnav.fr &lt;al-etampes@cnav.fr&gt;; patricia.vincent-lasbats@caissedesdepots.fr &lt;patricia.vincent-lasbats@caissedesdepots.fr&gt;; isabelle.vergeat-achaintre@caissedesdepots.fr &lt;isabelle.vergeat-achaintre@caissedesdepots.fr&gt;; isabelle.arezes@notaires.fr &lt;isabelle.arezes@notaires.fr&gt;; accueil-rodez@justice.fr &lt;accueil-rodez@justice.fr&gt;; aymeric.azzouz-prigent@defenseurdesdroits.fr &lt;aymeric.azzouz-prigent@defenseurdesdroits.fr&gt;; anne-lise.multin-desroches@mairie-vitry94.fr &lt;anne-lise.multin-desroches@mairie-vitry94.fr&gt;; csimon.avocat@free.fr &lt;csimon.avocat@free.fr&gt;; cdad-val-de-marne@justice.fr &lt;cdad-val-de-marne@justice.fr&gt;; claire.commenchal@sajir.fr &lt;claire.commenchal@sajir.fr&gt;; Cassandra.dubois-ext@nexity.fr &lt;Cassandra.dubois-ext@nexity.fr&gt;; support+id227328@relation-client-immo.zendesk.com &lt;support+id227328@relation-client-immo.zendesk.com&gt;<br \/>\nEnvoy\u00e9 le: Ma, 6 Avr 2021 17:54<br \/>\nSujet: Confirmation de l&#8217;entretien t\u00e9l\u00e9phonique du 6 AVRIL 2021 avec : &#8211; l&#8217;ADIL qui a confirm\u00e9 qu&#8217;il est interdit \u00e0 : &#8211; NEXITY &#8211; 19, rue de Vienne &#8211; 75008 PARIS &#8211; de r\u00e9clamer \u00e0 la fille de Monsieur TONG Xiaogong, plus de 95 % du prix de vente de l&#8217;appartement avant la remise des clefs, sur le fondement des articles L 263-1 et R 261-14 du Code de la Construction et de l&#8217;Habitat.<\/p>\n<p><\/span><\/p>\n<div id=\"yiv6060992487\">\n<div>\n<div>\n<div id=\"yiv6060992487\">\n<div>\n<div>\n<div id=\"yiv6060992487\">\n<div>\n<div>\n<div id=\"yiv6060992487\">\n<div>\n<div>\n<div id=\"yiv6060992487\">\n<div>\n<div>\n<div id=\"yiv6060992487\">\n<div>\n<div>\n<div id=\"yiv6060992487\">\n<div>\n<div>\n<div id=\"yiv6060992487\">\n<div>\n<div>\n<div id=\"yiv6060992487\">\n<div>\n<div>\n<div id=\"yiv6060992487\">\n<div>\n<div>\n<div id=\"yiv6060992487\">\n<div>\n<div>\n<div id=\"yiv6060992487\">\n<div>\n<div>\n<div id=\"yiv6060992487\">\n<div>\n<div>\n<div id=\"yiv6060992487\">\n<div>\n<div>\n<div id=\"yiv6060992487\">\n<div>\n<div>\n<div id=\"yiv6060992487\">\n<div>\n<div>\n<div id=\"yiv6060992487\">\n<div>\n<div>\n<div id=\"yiv6060992487\">\n<div>\n<div>\n<div id=\"yiv6060992487\">\n<div>\n<div>\n<div id=\"yiv6060992487\">\n<div>\n<div>\n<div id=\"yiv6060992487\">\n<div>\n<div>\n<div id=\"yiv6060992487\">\n<div>\n<div>\n<div id=\"yiv6060992487\">\n<div>\n<div>\n<div id=\"yiv6060992487\">\n<div>\n<div>\n<div id=\"yiv6060992487\">\n<div>\n<div>\n<div id=\"yiv6060992487\">\n<div>\n<div>\n<div id=\"yiv6060992487\">\n<div>\n<div>\n<div id=\"yiv6060992487\">\n<div>\n<div>\n<div id=\"yiv6060992487\">\n<div>\n<div>\n<div id=\"yiv6060992487\">\n<div>\n<div>\n<div id=\"yiv6060992487\">\n<div>\n<div>\n<div id=\"yiv6060992487\">\n<div>\n<div>\n<div id=\"yiv6060992487\">\n<div id=\"yiv6060992487\">\n<div id=\"yiv6060992487\">\n<div>\n<div class=\"yiv6060992487MsoNormal\">\n<div>\n<div>\n<div class=\"yiv6060992487MsoNormal\">\n<div>\n<div id=\"yiv6060992487\">\n<div>\n<div id=\"yiv6060992487\">\n<div>\n<div id=\"yiv6060992487\">\n<div>\n<div id=\"yiv6060992487\">\n<div>\n<div id=\"yiv6060992487\">\n<div>\n<div id=\"yiv6060992487\">\n<div>\n<div id=\"yiv6060992487\">\n<div>\n<div id=\"yiv6060992487\">\n<div>\n<div id=\"yiv6060992487\">\n<div>\n<div id=\"yiv6060992487\">\n<div>\n<div id=\"yiv6060992487\">\n<div>\n<div>\n<div>\n<div id=\"yiv6060992487\">\n<div id=\"yiv6060992487\">\n<div id=\"yiv6060992487\">\n<div class=\"yiv6060992487MsoNormal\">\n<div>\n<div>\n<div class=\"yiv6060992487MsoNormal\">Le 6 AVRIL\u00a02021<\/div>\n<\/div>\n<div>\n<div id=\"yiv6060992487\">\n<div id=\"yiv6060992487\">\n<div id=\"yiv6060992487\">\n<div id=\"yiv6060992487\">\n<div id=\"yiv6060992487\">\n<div id=\"yiv6060992487\">\n<div id=\"yiv6060992487\">\n<div id=\"yiv6060992487\">\n<div id=\"yiv6060992487\">\n<div id=\"yiv6060992487\">\n<div id=\"yiv6060992487\">\n<div>\n<div class=\"yiv6060992487MsoNormal\">.<\/div>\n<\/div>\n<div>\n<div class=\"yiv6060992487MsoNormal\"><b>De : L&#8217;Association AGIR ENSEMBLE POUR NOS DROITS<\/b>\u00a0&#8211; 141, av. Rouget de Lisles &#8211; 94400 Vitry-sur-Seine<\/div>\n<\/div>\n<div>\n<div class=\"yiv6060992487MsoNormal\">Adresse \u00e9lectronique : agirensemble_pournosdroits05@aol.com<\/div>\n<\/div>\n<div>\n<div class=\"yiv6060992487MsoNormal\">.<\/div>\n<\/div>\n<div>\n<div class=\"yiv6060992487MsoNormal\">.<\/div>\n<\/div>\n<div>\n<div class=\"yiv6060992487MsoNormal\"><strong>A : Madame Anne SCHMIDT &#8211; Responsable de la Citoyennet\u00e9 et de la D\u00e9mocratie locale &#8211; MAIRIE de VITRY-sur-SEINE &#8211;\u00a0<\/strong><\/div>\n<div class=\"yiv6060992487MsoNormal\">2, av. Youri Gagarine &#8211; 94400 Vitry-sur-Seine<\/div>\n<\/div>\n<div>\n<div class=\"yiv6060992487MsoNormal\">Adresses \u00e9lectroniques :\u00a0\u00a0anne.schmidt@mairie-vitry94.fr ; secretariatdumaire@mairie-vitry94.fr ; maire@mairie-vitry94.fr<\/div>\n<div class=\"yiv6060992487MsoNormal\">.<\/div>\n<div class=\"yiv6060992487MsoNormal\">.<\/div>\n<div class=\"yiv6060992487MsoNormal\"><strong>OBJET<\/strong>\u00a0:\u00a0Confirmation de l&#8217;entretien t\u00e9l\u00e9phonique du 6 AVRIL 2021 avec\u00a0: &#8211; l&#8217;ADIL\u00a0qui a confirm\u00e9 qu&#8217;il est interdit \u00e0 : &#8211;\u00a0<strong>NEXITY &#8211; 19, rue de Vienne &#8211; 75008 PARIS<\/strong>\u00a0&#8211; de r\u00e9clamer \u00e0 la fille de Monsieur TONG Xiaogong, plus de 95 % du prix de vente de l&#8217;appartement avant la remise des clefs, sur le fondement des articles L 263-1 et R 261-14 du Code de la Construction et de l&#8217;Habitat.<\/div>\n<div class=\"yiv6060992487MsoNormal\">.<\/div>\n<\/div>\n<div><\/div>\n<\/div>\n<\/div>\n<\/div>\n<\/div>\n<\/div>\n<\/div>\n<\/div>\n<\/div>\n<\/div>\n<\/div>\n<\/div>\n<\/div>\n<\/div>\n<div>\n<div id=\"yiv6060992487\">\n<div id=\"yiv6060992487\">\n<div id=\"yiv6060992487\">\n<div id=\"yiv6060992487\">\n<div id=\"yiv6060992487\">\n<div id=\"yiv6060992487\">\n<div id=\"yiv6060992487\">\n<div id=\"yiv6060992487\">\n<div id=\"yiv6060992487\">\n<div id=\"yiv6060992487\">\n<div id=\"yiv6060992487\">\n<div class=\"yiv6060992487MsoNormal\">.<\/div>\n<div>\n<div class=\"yiv6060992487MsoNormal\"><b><span style=\"font-size: medium;\">Madame Anne SCHMIDT &#8211; Responsable de la Citoyennet\u00e9 et de la D\u00e9mocratie locale &#8211; MAIRIE de VITRY-sur-SEINE -,<\/span><\/b><\/div>\n<div class=\"yiv6060992487MsoNormal\">.<\/div>\n<\/div>\n<div>\n<div class=\"yiv6060992487MsoNormal\">Nous sommes l&#8217;Association AGIR ENSEMBLE POUR NOS DROITS &#8211; siret 80181986300011 &#8211; qui intervient gratuitement \u00e0 la demande des justiciables, victimes de leurs avocats, dans le but d&#8217;emp\u00eacher l&#8217;aggravation de leurs pr\u00e9judices li\u00e9s aux conflits qui les opposent auxdits avocats.<\/div>\n<div class=\"yiv6060992487MsoNormal\">.<\/div>\n<div>\n<div>\n<div id=\"yiv6060992487\">\n<div>\n<div id=\"yiv6060992487\">\n<div>\n<div id=\"yiv6060992487\">\n<div>\n<div id=\"yiv6060992487\">\n<div>\n<div id=\"yiv6060992487\">\n<div>\n<div id=\"yiv6060992487\">\n<div>\n<div id=\"yiv6060992487\">\n<div>\n<div id=\"yiv6060992487\">\n<div>\n<div id=\"yiv6060992487\">\n<div>\n<div id=\"yiv6060992487\">\n<div>\n<div id=\"yiv6060992487\">\n<div>\n<div>\n<div>\n<div id=\"yiv6060992487\">\n<div>\n<div id=\"yiv6060992487\">\n<div>\n<div id=\"yiv6060992487\">\n<div>\n<div id=\"yiv6060992487\">\n<div>\n<div id=\"yiv6060992487\">\n<div>\n<div id=\"yiv6060992487\">\n<div>\n<div id=\"yiv6060992487\">\n<div>\n<div id=\"yiv6060992487\">\n<div>\n<div id=\"yiv6060992487\">\n<div>\n<div id=\"yiv6060992487\">\n<div>\n<div id=\"yiv6060992487\">\n<div>\n<div>\n<div>\n<div id=\"yiv6060992487\">\n<div>\n<div id=\"yiv6060992487\">\n<div>\n<div id=\"yiv6060992487\">\n<div>\n<div id=\"yiv6060992487\">\n<div>\n<div id=\"yiv6060992487\">\n<div>\n<div id=\"yiv6060992487\">\n<div>\n<div id=\"yiv6060992487\">\n<div>\n<div id=\"yiv6060992487\">\n<div>\n<div id=\"yiv6060992487\">\n<div>\n<div id=\"yiv6060992487\">\n<div>\n<div id=\"yiv6060992487\">\n<div>\n<div><span>L&#8217;Association AGIR ENSEMBLE POUR NOS DROITS a l&#8217;honneur de confirmer l&#8217;entretien t\u00e9l\u00e9phonique de ce jour avec :<\/span><\/div>\n<div><span>.<\/span><\/div>\n<div><span>&#8211;<strong>\u00a0l&#8217;ADIL\u00a0<\/strong><\/span><\/div>\n<div><span>.<\/span><\/div>\n<div><span>qui a confirm\u00e9\u00a0<\/span>qu&#8217;il est interdit \u00e0 :<\/div>\n<div>.<\/div>\n<div>&#8211;<strong>\u00a0NEXITY &#8211; 19, rue de Vienne &#8211; 75008 PARIS<\/strong><\/div>\n<div>.<\/div>\n<div>de r\u00e9clamer \u00e0 la fille de Monsieur TONG Xiaogong, plus de 95 % du prix de vente de l&#8217;appartement avant la remise des clefs, sur le fondement des articles L 263-1 et R 261-14 du Code de la Construction et de l&#8217;Habitat.<\/div>\n<div>.<\/div>\n<div>Vous remerciant d&#8217;avoir permis cet entretien,<\/div>\n<div>.<\/div>\n<\/div>\n<\/div>\n<\/div>\n<\/div>\n<\/div>\n<\/div>\n<\/div>\n<\/div>\n<\/div>\n<\/div>\n<\/div>\n<\/div>\n<\/div>\n<\/div>\n<\/div>\n<\/div>\n<\/div>\n<\/div>\n<\/div>\n<\/div>\n<\/div>\n<\/div>\n<\/div>\n<\/div>\n<\/div>\n<\/div>\n<\/div>\n<\/div>\n<\/div>\n<\/div>\n<\/div>\n<\/div>\n<\/div>\n<\/div>\n<\/div>\n<\/div>\n<\/div>\n<\/div>\n<\/div>\n<\/div>\n<\/div>\n<\/div>\n<\/div>\n<\/div>\n<\/div>\n<\/div>\n<\/div>\n<\/div>\n<\/div>\n<\/div>\n<\/div>\n<\/div>\n<\/div>\n<\/div>\n<\/div>\n<\/div>\n<\/div>\n<\/div>\n<\/div>\n<\/div>\n<\/div>\n<\/div>\n<\/div>\n<\/div>\n<\/div>\n<\/div>\n<\/div>\n<\/div>\n<\/div>\n<\/div>\n<\/div>\n<\/div>\n<\/div>\n<\/div>\n<\/div>\n<\/div>\n<\/div>\n<\/div>\n<\/div>\n<\/div>\n<\/div>\n<\/div>\n<\/div>\n<\/div>\n<\/div>\n<\/div>\n<div class=\"yiv6060992487MsoNormal\">\n<div>\n<div>\n<div class=\"yiv6060992487MsoNormal\">L&#8217;Association AGIR ENSEMBLE POUR NOS DROITS\u00a0vous prie de bien vouloir croire,\u00a0<b>M<\/b><b>adame Anne SCHMIDT &#8211; Responsable de la Citoyennet\u00e9 et de la D\u00e9mocratie locale &#8211; MAIRIE de VITRY-sur-SEINE -,\u00a0<\/b>\u00e0 l&#8217;assurance de\u00a0sa consid\u00e9ration distingu\u00e9e.<\/div>\n<\/div>\n<div>\n<div class=\"yiv6060992487MsoNormal\">.<\/div>\n<div class=\"yiv6060992487MsoNormal\">\n<div>La Pr\u00e9sidente<\/div>\n<div>de l&#8217;Association AGIR ENSEMBLE POUR NOS DROITS<\/div>\n<p>.<\/p><\/div>\n<\/div>\n<div>AGIRENSEMBLE POURNOSDROITS<br clear=\"none\" \/><a href=\"mailto:agirensemble_pournosdroits05@aol.com\" target=\"_blank\" rel=\"nofollow noopener noreferrer\">agirensemble_pournosdroits05@aol.com<\/a><\/div>\n<div>\n<div class=\"yiv6060992487MsoNormal\">.<\/div>\n<\/div>\n<\/div>\n<\/div>\n<\/div>\n<\/div>\n<\/div>\n<\/div>\n<\/div>\n<\/div>\n<\/div>\n<\/div>\n<\/div>\n<\/div>\n<\/div>\n<\/div>\n<\/div>\n<\/div>\n<\/div>\n<\/div>\n<\/div>\n<\/div>\n<\/div>\n<\/div>\n<\/div>\n<\/div>\n<\/div>\n<\/div>\n<\/div>\n<\/div>\n<\/div>\n<\/div>\n<\/div>\n<\/div>\n<\/div>\n<\/div>\n<\/div>\n<\/div>\n<\/div>\n<\/div>\n<\/div>\n<\/div>\n<\/div>\n<\/div>\n<\/div>\n<\/div>\n<\/div>\n<\/div>\n<\/div>\n<\/div>\n<\/div>\n<\/div>\n<\/div>\n<\/div>\n<\/div>\n<\/div>\n<\/div>\n<\/div>\n<\/div>\n<\/div>\n<\/div>\n<\/div>\n<\/div>\n<\/div>\n<\/div>\n<\/div>\n<\/div>\n<\/div>\n<\/div>\n<\/div>\n<\/div>\n<\/div>\n<\/div>\n<\/div>\n<\/div>\n<\/div>\n<\/div>\n<\/div>\n<\/div>\n<\/div>\n<\/div>\n<\/div>\n<\/div>\n<\/div>\n<\/div>\n<\/div>\n<\/div>\n<\/div>\n<\/div>\n<\/div>\n<\/div>\n<\/div>\n<\/div>\n<\/div>\n<\/div>\n<\/div>\n<\/div>\n<\/div>\n<\/div>\n<\/div>\n<\/div>\n<\/div>\n<\/div>\n<\/div>\n<\/div>\n<\/div>\n<\/div>\n<\/div>\n<\/div>\n<\/div>\n<\/div>\n<\/div>\n<\/div>\n<\/div>\n<\/div>\n<\/div>\n<\/div>\n<\/div>\n<\/div>\n<\/div>\n<\/div>\n<\/div>\n<\/div>\n<\/div>\n<\/div>\n<\/div>\n<\/div>\n<\/div>\n<\/div>\n<\/div>\n<\/div>\n<\/div>\n<\/div>\n<\/div>\n<\/div>\n<\/div>\n","protected":false},"excerpt":{"rendered":"<p>&#8212;&#8211;E-mail d&#8217;origine&#8212;&#8211; De: CHABERT Philippe [CEIDF] &lt;philippe.chabert@ceidf.caisse-epargne.fr&gt; A: AGIRENSEMBLE POURNOSDROITS &lt;agirensemble_pournosdroits05@aol.com&gt; Envoy\u00e9 le: Ma, 6 Avr 2021 17:55 Sujet: R\u00e9ponse automatique\u00a0: Confirmation de l&#8217;entretien t\u00e9l\u00e9phonique du 6 AVRIL 2021 avec : &#8211; l&#8217;ADIL qui a confirm\u00e9 qu&#8217;il est interdit \u00e0 &hellip; <a href=\"http:\/\/fenabod.cluster026.hosting.ovh.net\/index.php\/courrier-adresse-le-6-avril-2021-a-madame-anne-schmidt-responsable-de-la-citoyennete-et-de-la-democratie-locale-mairie-de-vitry-sur-seine-par-lequel-lassociation-agir-ensemble-pour-nos-d\/\">Continue reading <span class=\"meta-nav\">&rarr;<\/span><\/a><\/p>\n","protected":false},"author":1,"featured_media":0,"parent":0,"menu_order":0,"comment_status":"closed","ping_status":"closed","template":"","meta":[],"_links":{"self":[{"href":"http:\/\/fenabod.cluster026.hosting.ovh.net\/index.php\/wp-json\/wp\/v2\/pages\/44"}],"collection":[{"href":"http:\/\/fenabod.cluster026.hosting.ovh.net\/index.php\/wp-json\/wp\/v2\/pages"}],"about":[{"href":"http:\/\/fenabod.cluster026.hosting.ovh.net\/index.php\/wp-json\/wp\/v2\/types\/page"}],"author":[{"embeddable":true,"href":"http:\/\/fenabod.cluster026.hosting.ovh.net\/index.php\/wp-json\/wp\/v2\/users\/1"}],"replies":[{"embeddable":true,"href":"http:\/\/fenabod.cluster026.hosting.ovh.net\/index.php\/wp-json\/wp\/v2\/comments?post=44"}],"version-history":[{"count":1,"href":"http:\/\/fenabod.cluster026.hosting.ovh.net\/index.php\/wp-json\/wp\/v2\/pages\/44\/revisions"}],"predecessor-version":[{"id":45,"href":"http:\/\/fenabod.cluster026.hosting.ovh.net\/index.php\/wp-json\/wp\/v2\/pages\/44\/revisions\/45"}],"wp:attachment":[{"href":"http:\/\/fenabod.cluster026.hosting.ovh.net\/index.php\/wp-json\/wp\/v2\/media?parent=44"}],"curies":[{"name":"wp","href":"https:\/\/api.w.org\/{rel}","templated":true}]}}